{"id":17,"date":"2026-01-20T07:07:05","date_gmt":"2026-01-20T07:07:05","guid":{"rendered":"https:\/\/psykovire.fi\/?page_id=17"},"modified":"2026-01-23T11:06:29","modified_gmt":"2026-01-23T11:06:29","slug":"mielen-hyvinvointi-ja-hengellisyys","status":"publish","type":"page","link":"https:\/\/www.psykovire.fi\/index.php\/mielen-hyvinvointi-ja-hengellisyys\/","title":{"rendered":"Mielen hyvinvointi ja hengellisyys"},"content":{"rendered":"\n<div class=\"wp-block-cover alignfull\"><img loading=\"lazy\" decoding=\"async\" width=\"1024\" height=\"470\" class=\"wp-block-cover__image-background wp-image-58 size-large\" alt=\"\" src=\"https:\/\/www.psykovire.fi\/wp-content\/uploads\/2026\/01\/9841-1024x470.jpg\" style=\"object-position:69% 50%\" data-object-fit=\"cover\" data-object-position=\"69% 50%\" srcset=\"https:\/\/www.psykovire.fi\/wp-content\/uploads\/2026\/01\/9841-1024x470.jpg 1024w, https:\/\/www.psykovire.fi\/wp-content\/uploads\/2026\/01\/9841-300x138.jpg 300w, https:\/\/www.psykovire.fi\/wp-content\/uploads\/2026\/01\/9841-768x353.jpg 768w, https:\/\/www.psykovire.fi\/wp-content\/uploads\/2026\/01\/9841.jpg 1500w\" sizes=\"auto, (max-width: 1024px) 100vw, 1024px\" \/><span aria-hidden=\"true\" class=\"wp-block-cover__background has-ast-global-color-4-background-color has-background-dim\"><\/span><div class=\"wp-block-cover__inner-container is-layout-constrained wp-block-cover-is-layout-constrained\">\n<h1 class=\"wp-block-heading has-text-align-center has-ast-global-color-3-color has-text-color has-link-color has-large-font-size wp-elements-85f7d899bb66c3ed5b2a17074eee078e\">Mielen hyvinvointi ja hengellisyys<\/h1>\n\n\n\n<h4 class=\"wp-block-heading has-text-align-center has-ast-global-color-3-color has-text-color has-link-color wp-elements-0fb55c16c8b6415b6fe4082f2df9b12c\">Kirjan hinta 25 \u20ac sis. toimituskulut<\/h4>\n<\/div><\/div>\n\n\n\n<div class=\"wp-block-uagb-container uagb-block-928aaca9 alignfull uagb-is-root-container\"><div class=\"uagb-container-inner-blocks-wrap\">\n<div class=\"wp-block-uagb-container uagb-block-bcf3ddd3\">\n<figure class=\"wp-block-image size-full\"><img loading=\"lazy\" decoding=\"async\" width=\"1080\" height=\"1350\" src=\"https:\/\/psykovire.fi\/wp-content\/uploads\/2026\/01\/vesakirja.jpg\" alt=\"\" class=\"wp-image-51\" srcset=\"https:\/\/www.psykovire.fi\/wp-content\/uploads\/2026\/01\/vesakirja.jpg 1080w, https:\/\/www.psykovire.fi\/wp-content\/uploads\/2026\/01\/vesakirja-240x300.jpg 240w, https:\/\/www.psykovire.fi\/wp-content\/uploads\/2026\/01\/vesakirja-819x1024.jpg 819w, https:\/\/www.psykovire.fi\/wp-content\/uploads\/2026\/01\/vesakirja-768x960.jpg 768w\" sizes=\"auto, (max-width: 1080px) 100vw, 1080px\" \/><\/figure>\n<\/div>\n\n\n\n<div class=\"wp-block-uagb-container uagb-block-db75e868\">\n<p>Kirjassa pohditaan psykologisen tiedon ja kristinuskon merkityst\u00e4 ihmisen hyvinvoinnille. Suomessa hengellisyytt\u00e4 pidet\u00e4\u00e4n intiimin\u00e4 yksityisasiana, tabuna, jopa hyl\u00e4tt\u00e4v\u00e4n\u00e4 el\u00e4m\u00e4nsis\u00e4lt\u00f6n\u00e4. Luonnontieteen, l\u00e4\u00e4ketieteen ja psykologian tiedon ulkopuolella on kuitenkin olemassa jokin inhimillisyyteen kuuluva tekij\u00e4 tai voima, hengellisyys, uskonnollisuus tai usko. Yksil\u00f6llisesti ilmenev\u00e4\u00e4 hengellisyytt\u00e4 muotoilevat psyyken rakenne, persoonallisuus ja inhimilliset tarpeet. Psykologia antaa hyvi\u00e4 ja toimivia keinoja ihmisten ymm\u00e4rt\u00e4miseen ja hoitamiseen, mutta aikamme psykologia ja terapeuttinen ajattelu sivuuttavat liian usein my\u00f6nteisen hengellisyyden voimavaran. Psykologinen tieto ja kristillisyys pystyv\u00e4t yleens\u00e4 yhdess\u00e4 edist\u00e4m\u00e4\u00e4n mielen ja kehon terveytt\u00e4, onnellisuutta sek\u00e4 tarjoamaan keinoja hyv\u00e4\u00e4n ja merkitykselliseen el\u00e4m\u00e4\u00e4n. Kirjassa aihepiiri\u00e4 tarkastellaan monipuolisesti, k\u00e4yt\u00e4nn\u00f6n l\u00e4heisesti ja omael\u00e4m\u00e4kerrallisesti.&nbsp;<\/p>\n\n\n\n<p>Hengellisyyden ja hyvinvoinnin yhteys on kaksiter\u00e4inen miekka. V\u00e4\u00e4ristyneen\u00e4 hengellisyys voi olla pakoa todellisuudesta ja aiheuttaa syyllisyytt\u00e4 ja k\u00e4rsimyst\u00e4. On kuitenkin tavallisempaa, ett\u00e4 terve usko edist\u00e4\u00e4 hyvinvointia ja antaa voimia vaikeuksissa. Usko on vapauttanut riippuvuuksista, palauttanut terveyden ja ty\u00f6kyvyn sek\u00e4 eheytt\u00e4nyt ihmist\u00e4. N\u00e4in on vapauduttu k\u00e4rsimyksilt\u00e4 ja s\u00e4\u00e4stetty my\u00f6s yhteiskunnan varoja.<\/p>\n<\/div>\n<\/div><\/div>\n\n\n\n<div class=\"wp-block-uagb-container uagb-block-9cb2dd12 alignfull uagb-is-root-container\"><div class=\"uagb-container-inner-blocks-wrap\">\n<div style=\"height:39px\" aria-hidden=\"true\" class=\"wp-block-spacer\"><\/div>\n\n\n\n<h4 class=\"wp-block-heading has-text-align-center\">Kirjassa<\/h4>\n\n\n\n<ol class=\"wp-block-list\">\n<li>Kuvaan hengellisyyden ilmenemist\u00e4, uskonnon yhteytt\u00e4 psykologiaan sek\u00e4 valaisen hengellisyyden monimuotoisuutta persoonallisten kokemusten avulla.<\/li>\n\n\n\n<li>Pohdin hengellist\u00e4 hyvinvointia k\u00e4\u00e4ntymyksen, hengellisten polkujen, jumalakuvan ja hengellisen yhteis\u00f6n n\u00e4k\u00f6kulmista.<\/li>\n\n\n\n<li>K\u00e4sittelen psyyken hyvinvointia ja sen edist\u00e4mist\u00e4 monipuolisesti, mielen ohjaamista ja esittelen keinoja rentoutumiseen ja palautumiseen sek\u00e4 kerron paaston monista hy\u00f6dyist\u00e4.<\/li>\n\n\n\n<li>Tuon tietoa ja kokemuksia uskonnon k\u00e4yt\u00f6st\u00e4 hoitoty\u00f6ss\u00e4 yleisesti ja erityisesti terapiassa sek\u00e4 esit\u00e4n n\u00e4kemyksi\u00e4 rukouksesta ja kuolemasta.<\/li>\n\n\n\n<li>Kerron oman tarinani hengellisyyteni eri vaiheista, etsimisest\u00e4 ja l\u00f6yt\u00e4misest\u00e4. 165 sivua.<\/li>\n<\/ol>\n\n\n\n<div style=\"height:39px\" aria-hidden=\"true\" class=\"wp-block-spacer\"><\/div>\n<\/div><\/div>\n\n\n\n<div class=\"wp-block-uagb-container uagb-block-61b23cf0 alignfull uagb-is-root-container\"><div class=\"uagb-container-inner-blocks-wrap\">\n<div style=\"height:39px\" aria-hidden=\"true\" class=\"wp-block-spacer\"><\/div>\n\n\n\n<h4 class=\"wp-block-heading has-text-align-center\">Tilaa kirja t\u00e4st\u00e4:<\/h4>\n\n\n\n<div class=\"wp-block-contact-form-7-contact-form-selector\">\n<div class=\"wpcf7 no-js\" id=\"wpcf7-f74-o1\" lang=\"fi\" dir=\"ltr\" data-wpcf7-id=\"74\">\n<div class=\"screen-reader-response\"><p role=\"status\" aria-live=\"polite\" aria-atomic=\"true\"><\/p> <ul><\/ul><\/div>\n<form action=\"\/index.php\/wp-json\/wp\/v2\/pages\/17#wpcf7-f74-o1\" method=\"post\" class=\"wpcf7-form init\" aria-label=\"Yhteydenottolomake\" novalidate=\"novalidate\" data-status=\"init\">\n<fieldset class=\"hidden-fields-container\"><input type=\"hidden\" name=\"_wpcf7\" value=\"74\" \/><input type=\"hidden\" name=\"_wpcf7_version\" value=\"6.1.4\" \/><input type=\"hidden\" name=\"_wpcf7_locale\" value=\"fi\" \/><input type=\"hidden\" name=\"_wpcf7_unit_tag\" value=\"wpcf7-f74-o1\" \/><input type=\"hidden\" name=\"_wpcf7_container_post\" value=\"0\" \/><input type=\"hidden\" name=\"_wpcf7_posted_data_hash\" value=\"\" \/>\n<\/fieldset>\n<p><label> Nimesi<br \/>\n<span class=\"wpcf7-form-control-wrap\" data-name=\"your-name\"><input size=\"40\" maxlength=\"400\" class=\"wpcf7-form-control wpcf7-text wpcf7-validates-as-required\" autocomplete=\"name\" aria-required=\"true\" aria-invalid=\"false\" value=\"\" type=\"text\" name=\"your-name\" \/><\/span> <\/label>\n<\/p>\n<p><label> Puhelinnumero<br \/>\n<span class=\"wpcf7-form-control-wrap\" data-name=\"tel-334\"><input size=\"40\" maxlength=\"400\" class=\"wpcf7-form-control wpcf7-tel wpcf7-validates-as-required wpcf7-text wpcf7-validates-as-tel\" aria-required=\"true\" aria-invalid=\"false\" value=\"\" type=\"tel\" name=\"tel-334\" \/><\/span><\/label>\n<\/p>\n<p><label> S\u00e4hk\u00f6postiosoitteesi<br \/>\n<span class=\"wpcf7-form-control-wrap\" data-name=\"your-email\"><input size=\"40\" maxlength=\"400\" class=\"wpcf7-form-control wpcf7-email wpcf7-validates-as-required wpcf7-text wpcf7-validates-as-email\" autocomplete=\"email\" aria-required=\"true\" aria-invalid=\"false\" value=\"\" type=\"email\" name=\"your-email\" \/><\/span> <\/label>\n<\/p>\n<p><span class=\"wpcf7-form-control-wrap\" data-name=\"radio-879\"><span class=\"wpcf7-form-control wpcf7-radio\"><span class=\"wpcf7-list-item first\"><label><input type=\"radio\" name=\"radio-879\" value=\"1 kpl\" \/><span class=\"wpcf7-list-item-label\">1 kpl<\/span><\/label><\/span><span class=\"wpcf7-list-item\"><label><input type=\"radio\" name=\"radio-879\" value=\"2 kpl\" \/><span class=\"wpcf7-list-item-label\">2 kpl<\/span><\/label><\/span><span class=\"wpcf7-list-item\"><label><input type=\"radio\" name=\"radio-879\" value=\"3 kpl\" \/><span class=\"wpcf7-list-item-label\">3 kpl<\/span><\/label><\/span><span class=\"wpcf7-list-item last\"><label><input type=\"radio\" name=\"radio-879\" value=\"Enemm\u00e4n - kirjoita m\u00e4\u00e4r\u00e4 lis\u00e4tietoihin\" \/><span class=\"wpcf7-list-item-label\">Enemm\u00e4n - kirjoita m\u00e4\u00e4r\u00e4 lis\u00e4tietoihin<\/span><\/label><\/span><\/span><\/span>\n<\/p>\n<p><label> Toimitusosoite<br \/>\n<span class=\"wpcf7-form-control-wrap\" data-name=\"osoite\"><input size=\"40\" maxlength=\"400\" class=\"wpcf7-form-control wpcf7-text\" aria-invalid=\"false\" value=\"\" type=\"text\" name=\"osoite\" \/><\/span> <\/label>\n<\/p>\n<p><label> Lis\u00e4tietoja<br \/>\n<span class=\"wpcf7-form-control-wrap\" data-name=\"lisatieto\"><input size=\"40\" maxlength=\"400\" class=\"wpcf7-form-control wpcf7-text\" aria-invalid=\"false\" value=\"Jos tilaat enemm\u00e4n kuin 3 kirjaa, kirjoita t\u00e4h\u00e4n kappalem\u00e4\u00e4r\u00e4.\" type=\"text\" name=\"lisatieto\" \/><\/span> <\/label>\n<\/p>\n<p><input class=\"wpcf7-form-control wpcf7-submit has-spinner\" type=\"submit\" value=\"L\u00e4het\u00e4\" \/>\n<\/p><div class=\"wpcf7-response-output\" aria-hidden=\"true\"><\/div>\n<\/form>\n<\/div>\n<\/div>\n\n\n\n<div style=\"height:39px\" aria-hidden=\"true\" class=\"wp-block-spacer\"><\/div>\n<\/div><\/div>\n","protected":false},"excerpt":{"rendered":"<p>Kirjassa pohditaan psykologisen tiedon ja kristinuskon merkityst\u00e4 ihmisen hyvinvoinnille. Suomessa hengellisyytt\u00e4 pidet\u00e4\u00e4n intiimin\u00e4 yksityisasiana, tabuna, jopa hyl\u00e4tt\u00e4v\u00e4n\u00e4 el\u00e4m\u00e4nsis\u00e4lt\u00f6n\u00e4. Luonnontieteen, l\u00e4\u00e4ketieteen [&hellip;]<\/p>\n","protected":false},"author":1,"featured_media":0,"parent":0,"menu_order":0,"comment_status":"closed","ping_status":"closed","template":"","meta":{"_uag_custom_page_level_css":"","site-sidebar-layout":"default","site-content-layout":"","ast-site-content-layout":"default","site-content-style":"default","site-sidebar-style":"default","ast-global-header-display":"","ast-banner-title-visibility":"","ast-main-header-display":"","ast-hfb-above-header-display":"","ast-hfb-below-header-display":"","ast-hfb-mobile-header-display":"","site-post-title":"disabled","ast-breadcrumbs-content":"","ast-featured-img":"","footer-sml-layout":"","ast-disable-related-posts":"","theme-transparent-header-meta":"","adv-header-id-meta":"","stick-header-meta":"","header-above-stick-meta":"","header-main-stick-meta":"","header-below-stick-meta":"","astra-migrate-meta-layouts":"default","ast-page-background-enabled":"default","ast-page-background-meta":{"desktop":{"background-color":"var(--ast-global-color-5)","background-image":"","background-repeat":"repeat","background-position":"center center","background-size":"auto","background-attachment":"scroll","background-type":"","background-media":"","overlay-type":"","overlay-color":"","overlay-opacity":"","overlay-gradient":""},"tablet":{"background-color":"","background-image":"","background-repeat":"repeat","background-position":"center center","background-size":"auto","background-attachment":"scroll","background-type":"","background-media":"","overlay-type":"","overlay-color":"","overlay-opacity":"","overlay-gradient":""},"mobile":{"background-color":"","background-image":"","background-repeat":"repeat","background-position":"center center","background-size":"auto","background-attachment":"scroll","background-type":"","background-media":"","overlay-type":"","overlay-color":"","overlay-opacity":"","overlay-gradient":""}},"ast-content-background-meta":{"desktop":{"background-color":"var(--ast-global-color-4)","background-image":"","background-repeat":"repeat","background-position":"center center","background-size":"auto","background-attachment":"scroll","background-type":"","background-media":"","overlay-type":"","overlay-color":"","overlay-opacity":"","overlay-gradient":""},"tablet":{"background-color":"var(--ast-global-color-4)","background-image":"","background-repeat":"repeat","background-position":"center center","background-size":"auto","background-attachment":"scroll","background-type":"","background-media":"","overlay-type":"","overlay-color":"","overlay-opacity":"","overlay-gradient":""},"mobile":{"background-color":"var(--ast-global-color-4)","background-image":"","background-repeat":"repeat","background-position":"center center","background-size":"auto","background-attachment":"scroll","background-type":"","background-media":"","overlay-type":"","overlay-color":"","overlay-opacity":"","overlay-gradient":""}},"footnotes":""},"class_list":["post-17","page","type-page","status-publish","hentry"],"yoast_head":"<!-- This site is optimized with the Yoast SEO plugin v26.7 - https:\/\/yoast.com\/wordpress\/plugins\/seo\/ -->\n<title>Mielen hyvinvointi ja hengellisyys - Psykovire<\/title>\n<meta name=\"robots\" content=\"index, follow, max-snippet:-1, max-image-preview:large, max-video-preview:-1\" \/>\n<link rel=\"canonical\" href=\"https:\/\/www.psykovire.fi\/index.php\/mielen-hyvinvointi-ja-hengellisyys\/\" \/>\n<meta property=\"og:locale\" content=\"fi_FI\" \/>\n<meta property=\"og:type\" content=\"article\" \/>\n<meta property=\"og:title\" content=\"Mielen hyvinvointi ja hengellisyys - Psykovire\" \/>\n<meta property=\"og:description\" content=\"Kirjassa pohditaan psykologisen tiedon ja kristinuskon merkityst\u00e4 ihmisen hyvinvoinnille. Suomessa hengellisyytt\u00e4 pidet\u00e4\u00e4n intiimin\u00e4 yksityisasiana, tabuna, jopa hyl\u00e4tt\u00e4v\u00e4n\u00e4 el\u00e4m\u00e4nsis\u00e4lt\u00f6n\u00e4. Luonnontieteen, l\u00e4\u00e4ketieteen [&hellip;]\" \/>\n<meta property=\"og:url\" content=\"https:\/\/www.psykovire.fi\/index.php\/mielen-hyvinvointi-ja-hengellisyys\/\" \/>\n<meta property=\"og:site_name\" content=\"Psykovire\" \/>\n<meta property=\"article:modified_time\" content=\"2026-01-23T11:06:29+00:00\" \/>\n<meta property=\"og:image\" content=\"https:\/\/www.psykovire.fi\/wp-content\/uploads\/2026\/01\/9841.jpg\" \/>\n\t<meta property=\"og:image:width\" content=\"1500\" \/>\n\t<meta property=\"og:image:height\" content=\"689\" \/>\n\t<meta property=\"og:image:type\" content=\"image\/jpeg\" \/>\n<meta name=\"twitter:card\" content=\"summary_large_image\" \/>\n<meta name=\"twitter:label1\" content=\"Arvioitu lukuaika\" \/>\n\t<meta name=\"twitter:data1\" content=\"2 minuuttia\" \/>\n<script type=\"application\/ld+json\" class=\"yoast-schema-graph\">{\"@context\":\"https:\/\/schema.org\",\"@graph\":[{\"@type\":\"WebPage\",\"@id\":\"https:\/\/www.psykovire.fi\/index.php\/mielen-hyvinvointi-ja-hengellisyys\/\",\"url\":\"https:\/\/www.psykovire.fi\/index.php\/mielen-hyvinvointi-ja-hengellisyys\/\",\"name\":\"Mielen hyvinvointi ja hengellisyys - Psykovire\",\"isPartOf\":{\"@id\":\"https:\/\/www.psykovire.fi\/#website\"},\"primaryImageOfPage\":{\"@id\":\"https:\/\/www.psykovire.fi\/index.php\/mielen-hyvinvointi-ja-hengellisyys\/#primaryimage\"},\"image\":{\"@id\":\"https:\/\/www.psykovire.fi\/index.php\/mielen-hyvinvointi-ja-hengellisyys\/#primaryimage\"},\"thumbnailUrl\":\"https:\/\/www.psykovire.fi\/wp-content\/uploads\/2026\/01\/9841-1024x470.jpg\",\"datePublished\":\"2026-01-20T07:07:05+00:00\",\"dateModified\":\"2026-01-23T11:06:29+00:00\",\"breadcrumb\":{\"@id\":\"https:\/\/www.psykovire.fi\/index.php\/mielen-hyvinvointi-ja-hengellisyys\/#breadcrumb\"},\"inLanguage\":\"fi\",\"potentialAction\":[{\"@type\":\"ReadAction\",\"target\":[\"https:\/\/www.psykovire.fi\/index.php\/mielen-hyvinvointi-ja-hengellisyys\/\"]}]},{\"@type\":\"ImageObject\",\"inLanguage\":\"fi\",\"@id\":\"https:\/\/www.psykovire.fi\/index.php\/mielen-hyvinvointi-ja-hengellisyys\/#primaryimage\",\"url\":\"https:\/\/www.psykovire.fi\/wp-content\/uploads\/2026\/01\/9841.jpg\",\"contentUrl\":\"https:\/\/www.psykovire.fi\/wp-content\/uploads\/2026\/01\/9841.jpg\",\"width\":1500,\"height\":689},{\"@type\":\"BreadcrumbList\",\"@id\":\"https:\/\/www.psykovire.fi\/index.php\/mielen-hyvinvointi-ja-hengellisyys\/#breadcrumb\",\"itemListElement\":[{\"@type\":\"ListItem\",\"position\":1,\"name\":\"Etusivu\",\"item\":\"https:\/\/www.psykovire.fi\/\"},{\"@type\":\"ListItem\",\"position\":2,\"name\":\"Mielen hyvinvointi ja hengellisyys\"}]},{\"@type\":\"WebSite\",\"@id\":\"https:\/\/www.psykovire.fi\/#website\",\"url\":\"https:\/\/www.psykovire.fi\/\",\"name\":\"Psykovire\",\"description\":\"\",\"publisher\":{\"@id\":\"https:\/\/www.psykovire.fi\/#organization\"},\"potentialAction\":[{\"@type\":\"SearchAction\",\"target\":{\"@type\":\"EntryPoint\",\"urlTemplate\":\"https:\/\/www.psykovire.fi\/?s={search_term_string}\"},\"query-input\":{\"@type\":\"PropertyValueSpecification\",\"valueRequired\":true,\"valueName\":\"search_term_string\"}}],\"inLanguage\":\"fi\"},{\"@type\":\"Organization\",\"@id\":\"https:\/\/www.psykovire.fi\/#organization\",\"name\":\"Psykovire\",\"url\":\"https:\/\/www.psykovire.fi\/\",\"logo\":{\"@type\":\"ImageObject\",\"inLanguage\":\"fi\",\"@id\":\"https:\/\/www.psykovire.fi\/#\/schema\/logo\/image\/\",\"url\":\"https:\/\/www.psykovire.fi\/wp-content\/uploads\/2026\/01\/cropped-logo.png\",\"contentUrl\":\"https:\/\/www.psykovire.fi\/wp-content\/uploads\/2026\/01\/cropped-logo.png\",\"width\":217,\"height\":97,\"caption\":\"Psykovire\"},\"image\":{\"@id\":\"https:\/\/www.psykovire.fi\/#\/schema\/logo\/image\/\"}}]}<\/script>\n<!-- \/ Yoast SEO plugin. -->","yoast_head_json":{"title":"Mielen hyvinvointi ja hengellisyys - Psykovire","robots":{"index":"index","follow":"follow","max-snippet":"max-snippet:-1","max-image-preview":"max-image-preview:large","max-video-preview":"max-video-preview:-1"},"canonical":"https:\/\/www.psykovire.fi\/index.php\/mielen-hyvinvointi-ja-hengellisyys\/","og_locale":"fi_FI","og_type":"article","og_title":"Mielen hyvinvointi ja hengellisyys - Psykovire","og_description":"Kirjassa pohditaan psykologisen tiedon ja kristinuskon merkityst\u00e4 ihmisen hyvinvoinnille. Suomessa hengellisyytt\u00e4 pidet\u00e4\u00e4n intiimin\u00e4 yksityisasiana, tabuna, jopa hyl\u00e4tt\u00e4v\u00e4n\u00e4 el\u00e4m\u00e4nsis\u00e4lt\u00f6n\u00e4. Luonnontieteen, l\u00e4\u00e4ketieteen [&hellip;]","og_url":"https:\/\/www.psykovire.fi\/index.php\/mielen-hyvinvointi-ja-hengellisyys\/","og_site_name":"Psykovire","article_modified_time":"2026-01-23T11:06:29+00:00","og_image":[{"width":1500,"height":689,"url":"https:\/\/www.psykovire.fi\/wp-content\/uploads\/2026\/01\/9841.jpg","type":"image\/jpeg"}],"twitter_card":"summary_large_image","twitter_misc":{"Arvioitu lukuaika":"2 minuuttia"},"schema":{"@context":"https:\/\/schema.org","@graph":[{"@type":"WebPage","@id":"https:\/\/www.psykovire.fi\/index.php\/mielen-hyvinvointi-ja-hengellisyys\/","url":"https:\/\/www.psykovire.fi\/index.php\/mielen-hyvinvointi-ja-hengellisyys\/","name":"Mielen hyvinvointi ja hengellisyys - Psykovire","isPartOf":{"@id":"https:\/\/www.psykovire.fi\/#website"},"primaryImageOfPage":{"@id":"https:\/\/www.psykovire.fi\/index.php\/mielen-hyvinvointi-ja-hengellisyys\/#primaryimage"},"image":{"@id":"https:\/\/www.psykovire.fi\/index.php\/mielen-hyvinvointi-ja-hengellisyys\/#primaryimage"},"thumbnailUrl":"https:\/\/www.psykovire.fi\/wp-content\/uploads\/2026\/01\/9841-1024x470.jpg","datePublished":"2026-01-20T07:07:05+00:00","dateModified":"2026-01-23T11:06:29+00:00","breadcrumb":{"@id":"https:\/\/www.psykovire.fi\/index.php\/mielen-hyvinvointi-ja-hengellisyys\/#breadcrumb"},"inLanguage":"fi","potentialAction":[{"@type":"ReadAction","target":["https:\/\/www.psykovire.fi\/index.php\/mielen-hyvinvointi-ja-hengellisyys\/"]}]},{"@type":"ImageObject","inLanguage":"fi","@id":"https:\/\/www.psykovire.fi\/index.php\/mielen-hyvinvointi-ja-hengellisyys\/#primaryimage","url":"https:\/\/www.psykovire.fi\/wp-content\/uploads\/2026\/01\/9841.jpg","contentUrl":"https:\/\/www.psykovire.fi\/wp-content\/uploads\/2026\/01\/9841.jpg","width":1500,"height":689},{"@type":"BreadcrumbList","@id":"https:\/\/www.psykovire.fi\/index.php\/mielen-hyvinvointi-ja-hengellisyys\/#breadcrumb","itemListElement":[{"@type":"ListItem","position":1,"name":"Etusivu","item":"https:\/\/www.psykovire.fi\/"},{"@type":"ListItem","position":2,"name":"Mielen hyvinvointi ja hengellisyys"}]},{"@type":"WebSite","@id":"https:\/\/www.psykovire.fi\/#website","url":"https:\/\/www.psykovire.fi\/","name":"Psykovire","description":"","publisher":{"@id":"https:\/\/www.psykovire.fi\/#organization"},"potentialAction":[{"@type":"SearchAction","target":{"@type":"EntryPoint","urlTemplate":"https:\/\/www.psykovire.fi\/?s={search_term_string}"},"query-input":{"@type":"PropertyValueSpecification","valueRequired":true,"valueName":"search_term_string"}}],"inLanguage":"fi"},{"@type":"Organization","@id":"https:\/\/www.psykovire.fi\/#organization","name":"Psykovire","url":"https:\/\/www.psykovire.fi\/","logo":{"@type":"ImageObject","inLanguage":"fi","@id":"https:\/\/www.psykovire.fi\/#\/schema\/logo\/image\/","url":"https:\/\/www.psykovire.fi\/wp-content\/uploads\/2026\/01\/cropped-logo.png","contentUrl":"https:\/\/www.psykovire.fi\/wp-content\/uploads\/2026\/01\/cropped-logo.png","width":217,"height":97,"caption":"Psykovire"},"image":{"@id":"https:\/\/www.psykovire.fi\/#\/schema\/logo\/image\/"}}]}},"uagb_featured_image_src":{"full":false,"thumbnail":false,"medium":false,"medium_large":false,"large":false,"1536x1536":false,"2048x2048":false},"uagb_author_info":{"display_name":"admin","author_link":"https:\/\/www.psykovire.fi\/index.php\/author\/mediamies\/"},"uagb_comment_info":0,"uagb_excerpt":"Kirjassa pohditaan psykologisen tiedon ja kristinuskon merkityst\u00e4 ihmisen hyvinvoinnille. Suomessa hengellisyytt\u00e4 pidet\u00e4\u00e4n intiimin\u00e4 yksityisasiana, tabuna, jopa hyl\u00e4tt\u00e4v\u00e4n\u00e4 el\u00e4m\u00e4nsis\u00e4lt\u00f6n\u00e4. Luonnontieteen, l\u00e4\u00e4ketieteen [&hellip;]","_links":{"self":[{"href":"https:\/\/www.psykovire.fi\/index.php\/wp-json\/wp\/v2\/pages\/17","targetHints":{"allow":["GET"]}}],"collection":[{"href":"https:\/\/www.psykovire.fi\/index.php\/wp-json\/wp\/v2\/pages"}],"about":[{"href":"https:\/\/www.psykovire.fi\/index.php\/wp-json\/wp\/v2\/types\/page"}],"author":[{"embeddable":true,"href":"https:\/\/www.psykovire.fi\/index.php\/wp-json\/wp\/v2\/users\/1"}],"replies":[{"embeddable":true,"href":"https:\/\/www.psykovire.fi\/index.php\/wp-json\/wp\/v2\/comments?post=17"}],"version-history":[{"count":9,"href":"https:\/\/www.psykovire.fi\/index.php\/wp-json\/wp\/v2\/pages\/17\/revisions"}],"predecessor-version":[{"id":106,"href":"https:\/\/www.psykovire.fi\/index.php\/wp-json\/wp\/v2\/pages\/17\/revisions\/106"}],"wp:attachment":[{"href":"https:\/\/www.psykovire.fi\/index.php\/wp-json\/wp\/v2\/media?parent=17"}],"curies":[{"name":"wp","href":"https:\/\/api.w.org\/{rel}","templated":true}]}}