{"id":13,"date":"2026-01-20T07:06:01","date_gmt":"2026-01-20T07:06:01","guid":{"rendered":"https:\/\/psykovire.fi\/?page_id=13"},"modified":"2026-01-22T08:51:08","modified_gmt":"2026-01-22T08:51:08","slug":"vesa-kinnunen","status":"publish","type":"page","link":"https:\/\/www.psykovire.fi\/index.php\/vesa-kinnunen\/","title":{"rendered":"Vesa Kinnunen"},"content":{"rendered":"\n<div class=\"wp-block-cover alignfull\"><img loading=\"lazy\" decoding=\"async\" width=\"1024\" height=\"576\" class=\"wp-block-cover__image-background wp-image-80 size-large\" alt=\"\" src=\"https:\/\/psykovire.fi\/wp-content\/uploads\/2026\/01\/1991294-1024x576.jpg\" data-object-fit=\"cover\" srcset=\"https:\/\/www.psykovire.fi\/wp-content\/uploads\/2026\/01\/1991294-1024x576.jpg 1024w, https:\/\/www.psykovire.fi\/wp-content\/uploads\/2026\/01\/1991294-300x169.jpg 300w, https:\/\/www.psykovire.fi\/wp-content\/uploads\/2026\/01\/1991294-768x432.jpg 768w, https:\/\/www.psykovire.fi\/wp-content\/uploads\/2026\/01\/1991294.jpg 1277w\" sizes=\"auto, (max-width: 1024px) 100vw, 1024px\" \/><span aria-hidden=\"true\" class=\"wp-block-cover__background has-ast-global-color-4-background-color has-background-dim-70 has-background-dim\"><\/span><div class=\"wp-block-cover__inner-container is-layout-constrained wp-block-cover-is-layout-constrained\">\n<h1 class=\"wp-block-heading has-text-align-center has-ast-global-color-3-color has-text-color has-link-color has-large-font-size wp-elements-69d3b9dd95a5223fa2b547156a36708f\">Vesa Kinnunen<\/h1>\n\n\n\n<h4 class=\"wp-block-heading has-text-align-center has-ast-global-color-3-color has-text-color has-link-color wp-elements-4efaf801432c556d99942ea9893667f2\"><\/h4>\n<\/div><\/div>\n\n\n\n<div style=\"height:37px\" aria-hidden=\"true\" class=\"wp-block-spacer\"><\/div>\n\n\n\n<div class=\"wp-block-uagb-container uagb-block-8d004f65 alignfull uagb-is-root-container\"><div class=\"uagb-container-inner-blocks-wrap\">\n<div class=\"wp-block-uagb-container uagb-block-8787e6a5\">\n<figure class=\"wp-block-image size-large has-custom-border\"><img loading=\"lazy\" decoding=\"async\" width=\"683\" height=\"1024\" src=\"https:\/\/psykovire.fi\/wp-content\/uploads\/2026\/01\/Vesakinnunen-2s-683x1024.jpg\" alt=\"\" class=\"wp-image-61\" style=\"border-style:none;border-width:0px;border-top-left-radius:30px;border-top-right-radius:30px;border-bottom-left-radius:30px;border-bottom-right-radius:30px\" srcset=\"https:\/\/www.psykovire.fi\/wp-content\/uploads\/2026\/01\/Vesakinnunen-2s-683x1024.jpg 683w, https:\/\/www.psykovire.fi\/wp-content\/uploads\/2026\/01\/Vesakinnunen-2s-200x300.jpg 200w, https:\/\/www.psykovire.fi\/wp-content\/uploads\/2026\/01\/Vesakinnunen-2s-768x1152.jpg 768w, https:\/\/www.psykovire.fi\/wp-content\/uploads\/2026\/01\/Vesakinnunen-2s.jpg 800w\" sizes=\"auto, (max-width: 683px) 100vw, 683px\" \/><\/figure>\n<\/div>\n\n\n\n<div class=\"wp-block-uagb-container uagb-block-4342a9d6\">\n<p><strong>Koulutus- ja ty\u00f6tausta<\/strong><\/p>\n\n\n\n<ul class=\"wp-block-list\">\n<li>Psykologian lisensiaatti<\/li>\n\n\n\n<li>Kognitiivisen psykoterapian vaativan erityistason p\u00e4tevyys, Helsingin yliopisto (Kela-p\u00e4tevyys)<\/li>\n\n\n\n<li>Ty\u00f6n ja organisaatioiden kehitt\u00e4misen ammatillinen erikoistumiskoulutus, PD (Professional Development), Turun yliopisto<\/li>\n\n\n\n<li>Useita ryhm\u00e4 \u2013 ja ratkaisukeskeisi\u00e4 koulutuksia mm. NLP Master practioner \u2013 tutkinto<\/li>\n\n\n\n<li>Monia pariterapeuttisia koulutuksia mm. eroryhmien vet\u00e4misest\u00e4<\/li>\n<\/ul>\n\n\n\n<p>Olen toiminut yksityisen\u00e4 psykoterapeuttina ja ty\u00f6nohjaajana yli 35 vuotta Jyv\u00e4skyl\u00e4ss\u00e4 ja Helsingiss\u00e4. Ennen yritt\u00e4jyytt\u00e4 toimin opettajana ja tutkijana Jyv\u00e4skyl\u00e4n yliopiston psykologian laitoksella 13 vuotta. Tutkimusaiheita olivat psykosomatiikka, laihduttaminen, ik\u00e4\u00e4ntyminen ja psyykkinen hyvinvointi.<br><br>Ty\u00f6psykologina olen saanut laajan n\u00e4kemyksen ty\u00f6el\u00e4m\u00e4st\u00e4, ty\u00f6yhteis\u00f6n ongelmista ja kehitt\u00e4misest\u00e4 mikroyrityksist\u00e4 suuriin p\u00f6rssiyhti\u00f6ihin saakka. Ty\u00f6el\u00e4m\u00e4n ilmi\u00f6ist\u00e4 minulle on kertynyt laaja&nbsp;kokemus&nbsp;sosiaali- ja terveysalalta,&nbsp;opetuksen ja koulutuksen&nbsp;toimialalta. Oman yritt\u00e4jyyden lis\u00e4ksi olen toiminut usean vuoden ajan Keski-Suomen yritt\u00e4jien hyvinvointiryhm\u00e4n asiantuntijaj\u00e4senen\u00e4.<\/p>\n<\/div>\n<\/div><\/div>\n\n\n\n<div class=\"wp-block-uagb-container uagb-block-61b23cf0 alignfull uagb-is-root-container\"><div class=\"uagb-container-inner-blocks-wrap\">\n<div style=\"height:39px\" aria-hidden=\"true\" class=\"wp-block-spacer\"><\/div>\n\n\n\n<p class=\"has-text-align-center\"><strong>Palveluitani ovat k\u00e4ytt\u00e4neet muun muassa seuraavat organisaatiot:<\/strong> Atria, Finnair, Eduskunnan ty\u00f6terveys, Evox-Rifa, Joensuun Yliopisto, Jyv\u00e4skyl\u00e4n Ammattikorkeakoulu, Jyv\u00e4skyl\u00e4n kaupungin tekninen palvelukeskus, J\u00e4ms\u00e4n aluesairaala, Karstulan Evankelinen Opisto, Koneviesti, Kuopion ammatillinen aikuiskoulutuskeskus, Labko, Liikuntakeskus Hutunki, Nokka-Tume, Panda, Puustellin ty\u00f6kyl\u00e4, Rautalammin mielenterveysneuvola, Rautalammin sosiaalitoimi, SKAL ry. Suonenjoen mielenterveysneuvola, Tietopiiri, UPM-Kymmene, Valion ulkomaanvienti, Vehni\u00e4n koivukodit.<\/p>\n\n\n\n<div style=\"height:39px\" aria-hidden=\"true\" class=\"wp-block-spacer\"><\/div>\n<\/div><\/div>\n","protected":false},"excerpt":{"rendered":"<p>Koulutus- ja ty\u00f6tausta Olen toiminut yksityisen\u00e4 psykoterapeuttina ja ty\u00f6nohjaajana yli 35 vuotta Jyv\u00e4skyl\u00e4ss\u00e4 ja Helsingiss\u00e4. Ennen yritt\u00e4jyytt\u00e4 toimin opettajana ja [&hellip;]<\/p>\n","protected":false},"author":1,"featured_media":0,"parent":0,"menu_order":0,"comment_status":"closed","ping_status":"closed","template":"","meta":{"_uag_custom_page_level_css":"","site-sidebar-layout":"default","site-content-layout":"","ast-site-content-layout":"default","site-content-style":"default","site-sidebar-style":"default","ast-global-header-display":"","ast-banner-title-visibility":"","ast-main-header-display":"","ast-hfb-above-header-display":"","ast-hfb-below-header-display":"","ast-hfb-mobile-header-display":"","site-post-title":"disabled","ast-breadcrumbs-content":"","ast-featured-img":"","footer-sml-layout":"","ast-disable-related-posts":"","theme-transparent-header-meta":"","adv-header-id-meta":"","stick-header-meta":"","header-above-stick-meta":"","header-main-stick-meta":"","header-below-stick-meta":"","astra-migrate-meta-layouts":"default","ast-page-background-enabled":"default","ast-page-background-meta":{"desktop":{"background-color":"var(--ast-global-color-5)","background-image":"","background-repeat":"repeat","background-position":"center center","background-size":"auto","background-attachment":"scroll","background-type":"","background-media":"","overlay-type":"","overlay-color":"","overlay-opacity":"","overlay-gradient":""},"tablet":{"background-color":"","background-image":"","background-repeat":"repeat","background-position":"center center","background-size":"auto","background-attachment":"scroll","background-type":"","background-media":"","overlay-type":"","overlay-color":"","overlay-opacity":"","overlay-gradient":""},"mobile":{"background-color":"","background-image":"","background-repeat":"repeat","background-position":"center center","background-size":"auto","background-attachment":"scroll","background-type":"","background-media":"","overlay-type":"","overlay-color":"","overlay-opacity":"","overlay-gradient":""}},"ast-content-background-meta":{"desktop":{"background-color":"var(--ast-global-color-4)","background-image":"","background-repeat":"repeat","background-position":"center center","background-size":"auto","background-attachment":"scroll","background-type":"","background-media":"","overlay-type":"","overlay-color":"","overlay-opacity":"","overlay-gradient":""},"tablet":{"background-color":"var(--ast-global-color-4)","background-image":"","background-repeat":"repeat","background-position":"center center","background-size":"auto","background-attachment":"scroll","background-type":"","background-media":"","overlay-type":"","overlay-color":"","overlay-opacity":"","overlay-gradient":""},"mobile":{"background-color":"var(--ast-global-color-4)","background-image":"","background-repeat":"repeat","background-position":"center center","background-size":"auto","background-attachment":"scroll","background-type":"","background-media":"","overlay-type":"","overlay-color":"","overlay-opacity":"","overlay-gradient":""}},"footnotes":""},"class_list":["post-13","page","type-page","status-publish","hentry"],"yoast_head":"<!-- This site is optimized with the Yoast SEO plugin v26.7 - https:\/\/yoast.com\/wordpress\/plugins\/seo\/ -->\n<title>Vesa Kinnunen - Psykovire<\/title>\n<meta name=\"robots\" content=\"index, follow, max-snippet:-1, max-image-preview:large, max-video-preview:-1\" \/>\n<link rel=\"canonical\" href=\"https:\/\/www.psykovire.fi\/index.php\/vesa-kinnunen\/\" \/>\n<meta property=\"og:locale\" content=\"fi_FI\" \/>\n<meta property=\"og:type\" content=\"article\" \/>\n<meta property=\"og:title\" content=\"Vesa Kinnunen - Psykovire\" \/>\n<meta property=\"og:description\" content=\"Koulutus- ja ty\u00f6tausta Olen toiminut yksityisen\u00e4 psykoterapeuttina ja ty\u00f6nohjaajana yli 35 vuotta Jyv\u00e4skyl\u00e4ss\u00e4 ja Helsingiss\u00e4. Ennen yritt\u00e4jyytt\u00e4 toimin opettajana ja [&hellip;]\" \/>\n<meta property=\"og:url\" content=\"https:\/\/www.psykovire.fi\/index.php\/vesa-kinnunen\/\" \/>\n<meta property=\"og:site_name\" content=\"Psykovire\" \/>\n<meta property=\"article:modified_time\" content=\"2026-01-22T08:51:08+00:00\" \/>\n<meta property=\"og:image\" content=\"https:\/\/psykovire.fi\/wp-content\/uploads\/2026\/01\/1991294-1024x576.jpg\" \/>\n<meta name=\"twitter:card\" content=\"summary_large_image\" \/>\n<meta name=\"twitter:label1\" content=\"Arvioitu lukuaika\" \/>\n\t<meta name=\"twitter:data1\" content=\"2 minuuttia\" \/>\n<script type=\"application\/ld+json\" class=\"yoast-schema-graph\">{\"@context\":\"https:\/\/schema.org\",\"@graph\":[{\"@type\":\"WebPage\",\"@id\":\"https:\/\/www.psykovire.fi\/index.php\/vesa-kinnunen\/\",\"url\":\"https:\/\/www.psykovire.fi\/index.php\/vesa-kinnunen\/\",\"name\":\"Vesa Kinnunen - Psykovire\",\"isPartOf\":{\"@id\":\"https:\/\/www.psykovire.fi\/#website\"},\"primaryImageOfPage\":{\"@id\":\"https:\/\/www.psykovire.fi\/index.php\/vesa-kinnunen\/#primaryimage\"},\"image\":{\"@id\":\"https:\/\/www.psykovire.fi\/index.php\/vesa-kinnunen\/#primaryimage\"},\"thumbnailUrl\":\"https:\/\/psykovire.fi\/wp-content\/uploads\/2026\/01\/1991294-1024x576.jpg\",\"datePublished\":\"2026-01-20T07:06:01+00:00\",\"dateModified\":\"2026-01-22T08:51:08+00:00\",\"breadcrumb\":{\"@id\":\"https:\/\/www.psykovire.fi\/index.php\/vesa-kinnunen\/#breadcrumb\"},\"inLanguage\":\"fi\",\"potentialAction\":[{\"@type\":\"ReadAction\",\"target\":[\"https:\/\/www.psykovire.fi\/index.php\/vesa-kinnunen\/\"]}]},{\"@type\":\"ImageObject\",\"inLanguage\":\"fi\",\"@id\":\"https:\/\/www.psykovire.fi\/index.php\/vesa-kinnunen\/#primaryimage\",\"url\":\"https:\/\/psykovire.fi\/wp-content\/uploads\/2026\/01\/1991294-1024x576.jpg\",\"contentUrl\":\"https:\/\/psykovire.fi\/wp-content\/uploads\/2026\/01\/1991294-1024x576.jpg\"},{\"@type\":\"BreadcrumbList\",\"@id\":\"https:\/\/www.psykovire.fi\/index.php\/vesa-kinnunen\/#breadcrumb\",\"itemListElement\":[{\"@type\":\"ListItem\",\"position\":1,\"name\":\"Etusivu\",\"item\":\"https:\/\/www.psykovire.fi\/\"},{\"@type\":\"ListItem\",\"position\":2,\"name\":\"Vesa Kinnunen\"}]},{\"@type\":\"WebSite\",\"@id\":\"https:\/\/www.psykovire.fi\/#website\",\"url\":\"https:\/\/www.psykovire.fi\/\",\"name\":\"Psykovire\",\"description\":\"\",\"publisher\":{\"@id\":\"https:\/\/www.psykovire.fi\/#organization\"},\"potentialAction\":[{\"@type\":\"SearchAction\",\"target\":{\"@type\":\"EntryPoint\",\"urlTemplate\":\"https:\/\/www.psykovire.fi\/?s={search_term_string}\"},\"query-input\":{\"@type\":\"PropertyValueSpecification\",\"valueRequired\":true,\"valueName\":\"search_term_string\"}}],\"inLanguage\":\"fi\"},{\"@type\":\"Organization\",\"@id\":\"https:\/\/www.psykovire.fi\/#organization\",\"name\":\"Psykovire\",\"url\":\"https:\/\/www.psykovire.fi\/\",\"logo\":{\"@type\":\"ImageObject\",\"inLanguage\":\"fi\",\"@id\":\"https:\/\/www.psykovire.fi\/#\/schema\/logo\/image\/\",\"url\":\"https:\/\/www.psykovire.fi\/wp-content\/uploads\/2026\/01\/cropped-logo.png\",\"contentUrl\":\"https:\/\/www.psykovire.fi\/wp-content\/uploads\/2026\/01\/cropped-logo.png\",\"width\":217,\"height\":97,\"caption\":\"Psykovire\"},\"image\":{\"@id\":\"https:\/\/www.psykovire.fi\/#\/schema\/logo\/image\/\"}}]}<\/script>\n<!-- \/ Yoast SEO plugin. -->","yoast_head_json":{"title":"Vesa Kinnunen - Psykovire","robots":{"index":"index","follow":"follow","max-snippet":"max-snippet:-1","max-image-preview":"max-image-preview:large","max-video-preview":"max-video-preview:-1"},"canonical":"https:\/\/www.psykovire.fi\/index.php\/vesa-kinnunen\/","og_locale":"fi_FI","og_type":"article","og_title":"Vesa Kinnunen - Psykovire","og_description":"Koulutus- ja ty\u00f6tausta Olen toiminut yksityisen\u00e4 psykoterapeuttina ja ty\u00f6nohjaajana yli 35 vuotta Jyv\u00e4skyl\u00e4ss\u00e4 ja Helsingiss\u00e4. Ennen yritt\u00e4jyytt\u00e4 toimin opettajana ja [&hellip;]","og_url":"https:\/\/www.psykovire.fi\/index.php\/vesa-kinnunen\/","og_site_name":"Psykovire","article_modified_time":"2026-01-22T08:51:08+00:00","og_image":[{"url":"https:\/\/psykovire.fi\/wp-content\/uploads\/2026\/01\/1991294-1024x576.jpg","type":"","width":"","height":""}],"twitter_card":"summary_large_image","twitter_misc":{"Arvioitu lukuaika":"2 minuuttia"},"schema":{"@context":"https:\/\/schema.org","@graph":[{"@type":"WebPage","@id":"https:\/\/www.psykovire.fi\/index.php\/vesa-kinnunen\/","url":"https:\/\/www.psykovire.fi\/index.php\/vesa-kinnunen\/","name":"Vesa Kinnunen - Psykovire","isPartOf":{"@id":"https:\/\/www.psykovire.fi\/#website"},"primaryImageOfPage":{"@id":"https:\/\/www.psykovire.fi\/index.php\/vesa-kinnunen\/#primaryimage"},"image":{"@id":"https:\/\/www.psykovire.fi\/index.php\/vesa-kinnunen\/#primaryimage"},"thumbnailUrl":"https:\/\/psykovire.fi\/wp-content\/uploads\/2026\/01\/1991294-1024x576.jpg","datePublished":"2026-01-20T07:06:01+00:00","dateModified":"2026-01-22T08:51:08+00:00","breadcrumb":{"@id":"https:\/\/www.psykovire.fi\/index.php\/vesa-kinnunen\/#breadcrumb"},"inLanguage":"fi","potentialAction":[{"@type":"ReadAction","target":["https:\/\/www.psykovire.fi\/index.php\/vesa-kinnunen\/"]}]},{"@type":"ImageObject","inLanguage":"fi","@id":"https:\/\/www.psykovire.fi\/index.php\/vesa-kinnunen\/#primaryimage","url":"https:\/\/psykovire.fi\/wp-content\/uploads\/2026\/01\/1991294-1024x576.jpg","contentUrl":"https:\/\/psykovire.fi\/wp-content\/uploads\/2026\/01\/1991294-1024x576.jpg"},{"@type":"BreadcrumbList","@id":"https:\/\/www.psykovire.fi\/index.php\/vesa-kinnunen\/#breadcrumb","itemListElement":[{"@type":"ListItem","position":1,"name":"Etusivu","item":"https:\/\/www.psykovire.fi\/"},{"@type":"ListItem","position":2,"name":"Vesa Kinnunen"}]},{"@type":"WebSite","@id":"https:\/\/www.psykovire.fi\/#website","url":"https:\/\/www.psykovire.fi\/","name":"Psykovire","description":"","publisher":{"@id":"https:\/\/www.psykovire.fi\/#organization"},"potentialAction":[{"@type":"SearchAction","target":{"@type":"EntryPoint","urlTemplate":"https:\/\/www.psykovire.fi\/?s={search_term_string}"},"query-input":{"@type":"PropertyValueSpecification","valueRequired":true,"valueName":"search_term_string"}}],"inLanguage":"fi"},{"@type":"Organization","@id":"https:\/\/www.psykovire.fi\/#organization","name":"Psykovire","url":"https:\/\/www.psykovire.fi\/","logo":{"@type":"ImageObject","inLanguage":"fi","@id":"https:\/\/www.psykovire.fi\/#\/schema\/logo\/image\/","url":"https:\/\/www.psykovire.fi\/wp-content\/uploads\/2026\/01\/cropped-logo.png","contentUrl":"https:\/\/www.psykovire.fi\/wp-content\/uploads\/2026\/01\/cropped-logo.png","width":217,"height":97,"caption":"Psykovire"},"image":{"@id":"https:\/\/www.psykovire.fi\/#\/schema\/logo\/image\/"}}]}},"uagb_featured_image_src":{"full":false,"thumbnail":false,"medium":false,"medium_large":false,"large":false,"1536x1536":false,"2048x2048":false},"uagb_author_info":{"display_name":"admin","author_link":"https:\/\/www.psykovire.fi\/index.php\/author\/mediamies\/"},"uagb_comment_info":0,"uagb_excerpt":"Koulutus- ja ty\u00f6tausta Olen toiminut yksityisen\u00e4 psykoterapeuttina ja ty\u00f6nohjaajana yli 35 vuotta Jyv\u00e4skyl\u00e4ss\u00e4 ja Helsingiss\u00e4. Ennen yritt\u00e4jyytt\u00e4 toimin opettajana ja [&hellip;]","_links":{"self":[{"href":"https:\/\/www.psykovire.fi\/index.php\/wp-json\/wp\/v2\/pages\/13","targetHints":{"allow":["GET"]}}],"collection":[{"href":"https:\/\/www.psykovire.fi\/index.php\/wp-json\/wp\/v2\/pages"}],"about":[{"href":"https:\/\/www.psykovire.fi\/index.php\/wp-json\/wp\/v2\/types\/page"}],"author":[{"embeddable":true,"href":"https:\/\/www.psykovire.fi\/index.php\/wp-json\/wp\/v2\/users\/1"}],"replies":[{"embeddable":true,"href":"https:\/\/www.psykovire.fi\/index.php\/wp-json\/wp\/v2\/comments?post=13"}],"version-history":[{"count":8,"href":"https:\/\/www.psykovire.fi\/index.php\/wp-json\/wp\/v2\/pages\/13\/revisions"}],"predecessor-version":[{"id":97,"href":"https:\/\/www.psykovire.fi\/index.php\/wp-json\/wp\/v2\/pages\/13\/revisions\/97"}],"wp:attachment":[{"href":"https:\/\/www.psykovire.fi\/index.php\/wp-json\/wp\/v2\/media?parent=13"}],"curies":[{"name":"wp","href":"https:\/\/api.w.org\/{rel}","templated":true}]}}