{"id":10,"date":"2026-01-20T07:05:39","date_gmt":"2026-01-20T07:05:39","guid":{"rendered":"https:\/\/psykovire.fi\/?page_id=10"},"modified":"2026-01-23T10:58:25","modified_gmt":"2026-01-23T10:58:25","slug":"etusivu","status":"publish","type":"page","link":"https:\/\/www.psykovire.fi\/","title":{"rendered":"Etusivu"},"content":{"rendered":"\n<div class=\"wp-block-cover alignfull\"><img loading=\"lazy\" decoding=\"async\" width=\"1024\" height=\"576\" class=\"wp-block-cover__image-background wp-image-80 size-large\" alt=\"\" src=\"https:\/\/psykovire.fi\/wp-content\/uploads\/2026\/01\/1991294-1024x576.jpg\" data-object-fit=\"cover\" srcset=\"https:\/\/www.psykovire.fi\/wp-content\/uploads\/2026\/01\/1991294-1024x576.jpg 1024w, https:\/\/www.psykovire.fi\/wp-content\/uploads\/2026\/01\/1991294-300x169.jpg 300w, https:\/\/www.psykovire.fi\/wp-content\/uploads\/2026\/01\/1991294-768x432.jpg 768w, https:\/\/www.psykovire.fi\/wp-content\/uploads\/2026\/01\/1991294.jpg 1277w\" sizes=\"auto, (max-width: 1024px) 100vw, 1024px\" \/><span aria-hidden=\"true\" class=\"wp-block-cover__background has-ast-global-color-4-background-color has-background-dim-60 has-background-dim\"><\/span><div class=\"wp-block-cover__inner-container is-layout-constrained wp-block-cover-is-layout-constrained\">\n<h1 class=\"wp-block-heading has-text-align-center has-ast-global-color-3-color has-text-color has-link-color has-large-font-size wp-elements-cda47e8ea3ade5aa71e3cb2753e3a1f0\">Psykovire<\/h1>\n\n\n\n<h4 class=\"wp-block-heading has-text-align-center has-ast-global-color-3-color has-text-color has-link-color wp-elements-6717b60f570acc6b7477dff2da7ba883\">&#8211; Psykologisia asiantuntijapalveluja &#8211;<\/h4>\n<\/div><\/div>\n\n\n\n<div class=\"wp-block-uagb-container uagb-block-61b23cf0 alignfull uagb-is-root-container\"><div class=\"uagb-container-inner-blocks-wrap\">\n<div style=\"height:39px\" aria-hidden=\"true\" class=\"wp-block-spacer\"><\/div>\n\n\n\n<figure class=\"wp-block-image aligncenter size-full is-resized is-style-rounded\"><img loading=\"lazy\" decoding=\"async\" width=\"1500\" height=\"1715\" src=\"https:\/\/psykovire.fi\/wp-content\/uploads\/2026\/01\/kansi-kopio.jpg\" alt=\"\" class=\"wp-image-50\" style=\"aspect-ratio:1;object-fit:cover;width:250px\" srcset=\"https:\/\/www.psykovire.fi\/wp-content\/uploads\/2026\/01\/kansi-kopio.jpg 1500w, https:\/\/www.psykovire.fi\/wp-content\/uploads\/2026\/01\/kansi-kopio-262x300.jpg 262w, https:\/\/www.psykovire.fi\/wp-content\/uploads\/2026\/01\/kansi-kopio-896x1024.jpg 896w, https:\/\/www.psykovire.fi\/wp-content\/uploads\/2026\/01\/kansi-kopio-768x878.jpg 768w, https:\/\/www.psykovire.fi\/wp-content\/uploads\/2026\/01\/kansi-kopio-1343x1536.jpg 1343w\" sizes=\"auto, (max-width: 1500px) 100vw, 1500px\" \/><\/figure>\n\n\n\n<h4 class=\"wp-block-heading has-text-align-center\">PsykoVire tarjoaa psykologisia asiantuntijapalveluja vankalla k\u00e4yt\u00e4nn\u00f6n kokemuksella ja ammattitaidolla. Palvelut on suunnattu yksil\u00f6ille, pareille ja ty\u00f6yhteis\u00f6ille erilaisissa el\u00e4m\u00e4ntilanteissa ja muutoksen vaiheissa.<\/h4>\n\n\n\n<div style=\"height:39px\" aria-hidden=\"true\" class=\"wp-block-spacer\"><\/div>\n<\/div><\/div>\n\n\n\n<div class=\"wp-block-uagb-container uagb-block-f9de3379 alignfull uagb-is-root-container\"><div class=\"uagb-container-inner-blocks-wrap\">\n<h2 class=\"wp-block-heading has-text-align-center\">Palvelut<\/h2>\n\n\n\n<p class=\"has-text-align-center\"><strong>Kognitiivinen lyhytpsykoterapia<\/strong><br>Tavoitteellinen ja k\u00e4yt\u00e4nn\u00f6nl\u00e4heinen terapiamuoto ajankohtaisten haasteiden k\u00e4sittelyyn. <br><em>Huomioithan, ett\u00e4 pitk\u00e4\u00e4n Kelan tukemaan psykoterapiaan ei ole t\u00e4ll\u00e4 hetkell\u00e4 paikkoja.<\/em><\/p>\n\n\n\n<p class=\"has-text-align-center\"><strong>Pariterapia<\/strong><br>Tukea vuorovaikutuksen, ymm\u00e4rryksen ja yhteyden vahvistamiseen parisuhteen eri vaiheissa.<\/p>\n\n\n\n<p class=\"has-text-align-center\"><strong>Ty\u00f6nohjaus<\/strong><br>Ammatillista tukea ty\u00f6n kuormitustekij\u00f6iden, roolien ja ty\u00f6ss\u00e4 jaksamisen tarkasteluun.<\/p>\n\n\n\n<p class=\"has-text-align-center\"><strong>Life Coaching<\/strong><br>Life coaching eli el\u00e4m\u00e4ntaidon valmennus on k\u00e4yt\u00e4nn\u00f6nl\u00e4heist\u00e4 oman el\u00e4m\u00e4ntilanteen p\u00e4ivitt\u00e4mist\u00e4 ja itsetuntemuksen lis\u00e4\u00e4mist\u00e4. Valmennus tukee selkeyden l\u00f6yt\u00e4mist\u00e4, omien voimavarojen tunnistamista ja muutosten tekemist\u00e4 arjessa. Se soveltuu erityisesti ty\u00f6n, ihmissuhteiden ja el\u00e4m\u00e4nkaaren eri vaiheisiin, kuten el\u00e4k\u00f6itymiseen ja ik\u00e4\u00e4ntymiseen. Life coaching tarjoaa tilaa pys\u00e4hty\u00e4, j\u00e4sent\u00e4\u00e4 suuntaa ja vahvistaa merkityksellisyyden kokemusta.<\/p>\n\n\n\n<p class=\"has-text-align-center\"><strong>Henkinen hyvinvointi<\/strong><br>Henkiseen hyvinvointiin olen perehtynyt uudessa kirjassani <strong><em><a href=\"https:\/\/psykovire.fi\/index.php\/mielen-hyvinvointi-ja-hengellisyys\/\">Mielen hyvinvointi ja hengellisyys<\/a><\/em><\/strong>. Kirjassa tarkastelen mielen hyvinvointia monipuolisesti ja laaja-alaisesti sek\u00e4 sen yhteytt\u00e4 hengellisyyteen. Kirja on myynniss\u00e4 ja tilattavissa yhteydenottolomakkeen kautta. Pid\u00e4n my\u00f6s luentoja kirjan teemoihin liittyvist\u00e4 aiheista erilaisille ryhmille ja yhteis\u00f6ille.<\/p>\n<\/div><\/div>\n\n\n\n<div class=\"wp-block-uagb-container uagb-block-8a6c1df0 alignfull uagb-is-root-container\"><div class=\"uagb-container-inner-blocks-wrap\">\n<div style=\"height:39px\" aria-hidden=\"true\" class=\"wp-block-spacer\"><\/div>\n\n\n\n<figure class=\"wp-block-image aligncenter size-full is-resized\"><img loading=\"lazy\" decoding=\"async\" width=\"217\" height=\"97\" src=\"https:\/\/psykovire.fi\/wp-content\/uploads\/2026\/01\/cropped-logo.png\" alt=\"\" class=\"wp-image-23\" style=\"width:100px\" srcset=\"https:\/\/www.psykovire.fi\/wp-content\/uploads\/2026\/01\/cropped-logo.png 217w, https:\/\/www.psykovire.fi\/wp-content\/uploads\/2026\/01\/cropped-logo-109x49.png 109w\" sizes=\"auto, (max-width: 217px) 100vw, 217px\" \/><\/figure>\n\n\n\n<div class=\"wp-block-buttons is-content-justification-center is-layout-flex wp-container-core-buttons-is-layout-a89b3969 wp-block-buttons-is-layout-flex\">\n<div class=\"wp-block-button\"><a class=\"wp-block-button__link wp-element-button\" href=\"https:\/\/psykovire.fi\/index.php\/ota-yhteytta\/\">Tiedustelut ja yhteydenotot<\/a><\/div>\n<\/div>\n\n\n\n<div style=\"height:39px\" aria-hidden=\"true\" class=\"wp-block-spacer\"><\/div>\n<\/div><\/div>\n\n\n\n<p><\/p>\n","protected":false},"excerpt":{"rendered":"<p>PsykoVire tarjoaa psykologisia asiantuntijapalveluja vankalla k\u00e4yt\u00e4nn\u00f6n kokemuksella ja ammattitaidolla. Palvelut on suunnattu yksil\u00f6ille, pareille ja ty\u00f6yhteis\u00f6ille erilaisissa el\u00e4m\u00e4ntilanteissa ja muutoksen [&hellip;]<\/p>\n","protected":false},"author":1,"featured_media":0,"parent":0,"menu_order":0,"comment_status":"closed","ping_status":"closed","template":"","meta":{"_uag_custom_page_level_css":"","site-sidebar-layout":"default","site-content-layout":"","ast-site-content-layout":"default","site-content-style":"default","site-sidebar-style":"default","ast-global-header-display":"","ast-banner-title-visibility":"","ast-main-header-display":"","ast-hfb-above-header-display":"","ast-hfb-below-header-display":"","ast-hfb-mobile-header-display":"","site-post-title":"disabled","ast-breadcrumbs-content":"","ast-featured-img":"","footer-sml-layout":"","ast-disable-related-posts":"","theme-transparent-header-meta":"","adv-header-id-meta":"","stick-header-meta":"","header-above-stick-meta":"","header-main-stick-meta":"","header-below-stick-meta":"","astra-migrate-meta-layouts":"default","ast-page-background-enabled":"default","ast-page-background-meta":{"desktop":{"background-color":"var(--ast-global-color-5)","background-image":"","background-repeat":"repeat","background-position":"center center","background-size":"auto","background-attachment":"scroll","background-type":"","background-media":"","overlay-type":"","overlay-color":"","overlay-opacity":"","overlay-gradient":""},"tablet":{"background-color":"","background-image":"","background-repeat":"repeat","background-position":"center center","background-size":"auto","background-attachment":"scroll","background-type":"","background-media":"","overlay-type":"","overlay-color":"","overlay-opacity":"","overlay-gradient":""},"mobile":{"background-color":"","background-image":"","background-repeat":"repeat","background-position":"center center","background-size":"auto","background-attachment":"scroll","background-type":"","background-media":"","overlay-type":"","overlay-color":"","overlay-opacity":"","overlay-gradient":""}},"ast-content-background-meta":{"desktop":{"background-color":"var(--ast-global-color-4)","background-image":"","background-repeat":"repeat","background-position":"center center","background-size":"auto","background-attachment":"scroll","background-type":"","background-media":"","overlay-type":"","overlay-color":"","overlay-opacity":"","overlay-gradient":""},"tablet":{"background-color":"var(--ast-global-color-4)","background-image":"","background-repeat":"repeat","background-position":"center center","background-size":"auto","background-attachment":"scroll","background-type":"","background-media":"","overlay-type":"","overlay-color":"","overlay-opacity":"","overlay-gradient":""},"mobile":{"background-color":"var(--ast-global-color-4)","background-image":"","background-repeat":"repeat","background-position":"center center","background-size":"auto","background-attachment":"scroll","background-type":"","background-media":"","overlay-type":"","overlay-color":"","overlay-opacity":"","overlay-gradient":""}},"footnotes":""},"class_list":["post-10","page","type-page","status-publish","hentry"],"yoast_head":"<!-- This site is optimized with the Yoast SEO plugin v26.7 - https:\/\/yoast.com\/wordpress\/plugins\/seo\/ -->\n<title>Etusivu - Psykovire<\/title>\n<meta name=\"robots\" content=\"index, follow, max-snippet:-1, max-image-preview:large, max-video-preview:-1\" \/>\n<link rel=\"canonical\" href=\"https:\/\/www.psykovire.fi\/\" \/>\n<meta property=\"og:locale\" content=\"fi_FI\" \/>\n<meta property=\"og:type\" content=\"article\" \/>\n<meta property=\"og:title\" content=\"Etusivu - Psykovire\" \/>\n<meta property=\"og:description\" content=\"PsykoVire tarjoaa psykologisia asiantuntijapalveluja vankalla k\u00e4yt\u00e4nn\u00f6n kokemuksella ja ammattitaidolla. Palvelut on suunnattu yksil\u00f6ille, pareille ja ty\u00f6yhteis\u00f6ille erilaisissa el\u00e4m\u00e4ntilanteissa ja muutoksen [&hellip;]\" \/>\n<meta property=\"og:url\" content=\"https:\/\/www.psykovire.fi\/\" \/>\n<meta property=\"og:site_name\" content=\"Psykovire\" \/>\n<meta property=\"article:modified_time\" content=\"2026-01-23T10:58:25+00:00\" \/>\n<meta property=\"og:image\" content=\"https:\/\/www.psykovire.fi\/wp-content\/uploads\/2026\/01\/1991294.jpg\" \/>\n\t<meta property=\"og:image:width\" content=\"1277\" \/>\n\t<meta property=\"og:image:height\" content=\"718\" \/>\n\t<meta property=\"og:image:type\" content=\"image\/jpeg\" \/>\n<meta name=\"twitter:card\" content=\"summary_large_image\" \/>\n<meta name=\"twitter:label1\" content=\"Arvioitu lukuaika\" \/>\n\t<meta name=\"twitter:data1\" content=\"2 minuuttia\" \/>\n<script type=\"application\/ld+json\" class=\"yoast-schema-graph\">{\"@context\":\"https:\/\/schema.org\",\"@graph\":[{\"@type\":\"WebPage\",\"@id\":\"https:\/\/www.psykovire.fi\/\",\"url\":\"https:\/\/www.psykovire.fi\/\",\"name\":\"Etusivu - Psykovire\",\"isPartOf\":{\"@id\":\"https:\/\/www.psykovire.fi\/#website\"},\"primaryImageOfPage\":{\"@id\":\"https:\/\/www.psykovire.fi\/#primaryimage\"},\"image\":{\"@id\":\"https:\/\/www.psykovire.fi\/#primaryimage\"},\"thumbnailUrl\":\"https:\/\/psykovire.fi\/wp-content\/uploads\/2026\/01\/1991294-1024x576.jpg\",\"datePublished\":\"2026-01-20T07:05:39+00:00\",\"dateModified\":\"2026-01-23T10:58:25+00:00\",\"breadcrumb\":{\"@id\":\"https:\/\/www.psykovire.fi\/#breadcrumb\"},\"inLanguage\":\"fi\",\"potentialAction\":[{\"@type\":\"ReadAction\",\"target\":[\"https:\/\/www.psykovire.fi\/\"]}]},{\"@type\":\"ImageObject\",\"inLanguage\":\"fi\",\"@id\":\"https:\/\/www.psykovire.fi\/#primaryimage\",\"url\":\"https:\/\/psykovire.fi\/wp-content\/uploads\/2026\/01\/1991294-1024x576.jpg\",\"contentUrl\":\"https:\/\/psykovire.fi\/wp-content\/uploads\/2026\/01\/1991294-1024x576.jpg\"},{\"@type\":\"BreadcrumbList\",\"@id\":\"https:\/\/www.psykovire.fi\/#breadcrumb\",\"itemListElement\":[{\"@type\":\"ListItem\",\"position\":1,\"name\":\"Etusivu\",\"item\":\"https:\/\/www.psykovire.fi\/\"},{\"@type\":\"ListItem\",\"position\":2,\"name\":\"Etusivu\"}]},{\"@type\":\"WebSite\",\"@id\":\"https:\/\/www.psykovire.fi\/#website\",\"url\":\"https:\/\/www.psykovire.fi\/\",\"name\":\"Psykovire\",\"description\":\"\",\"publisher\":{\"@id\":\"https:\/\/www.psykovire.fi\/#organization\"},\"potentialAction\":[{\"@type\":\"SearchAction\",\"target\":{\"@type\":\"EntryPoint\",\"urlTemplate\":\"https:\/\/www.psykovire.fi\/?s={search_term_string}\"},\"query-input\":{\"@type\":\"PropertyValueSpecification\",\"valueRequired\":true,\"valueName\":\"search_term_string\"}}],\"inLanguage\":\"fi\"},{\"@type\":\"Organization\",\"@id\":\"https:\/\/www.psykovire.fi\/#organization\",\"name\":\"Psykovire\",\"url\":\"https:\/\/www.psykovire.fi\/\",\"logo\":{\"@type\":\"ImageObject\",\"inLanguage\":\"fi\",\"@id\":\"https:\/\/www.psykovire.fi\/#\/schema\/logo\/image\/\",\"url\":\"https:\/\/www.psykovire.fi\/wp-content\/uploads\/2026\/01\/cropped-logo.png\",\"contentUrl\":\"https:\/\/www.psykovire.fi\/wp-content\/uploads\/2026\/01\/cropped-logo.png\",\"width\":217,\"height\":97,\"caption\":\"Psykovire\"},\"image\":{\"@id\":\"https:\/\/www.psykovire.fi\/#\/schema\/logo\/image\/\"}}]}<\/script>\n<!-- \/ Yoast SEO plugin. -->","yoast_head_json":{"title":"Etusivu - Psykovire","robots":{"index":"index","follow":"follow","max-snippet":"max-snippet:-1","max-image-preview":"max-image-preview:large","max-video-preview":"max-video-preview:-1"},"canonical":"https:\/\/www.psykovire.fi\/","og_locale":"fi_FI","og_type":"article","og_title":"Etusivu - Psykovire","og_description":"PsykoVire tarjoaa psykologisia asiantuntijapalveluja vankalla k\u00e4yt\u00e4nn\u00f6n kokemuksella ja ammattitaidolla. Palvelut on suunnattu yksil\u00f6ille, pareille ja ty\u00f6yhteis\u00f6ille erilaisissa el\u00e4m\u00e4ntilanteissa ja muutoksen [&hellip;]","og_url":"https:\/\/www.psykovire.fi\/","og_site_name":"Psykovire","article_modified_time":"2026-01-23T10:58:25+00:00","og_image":[{"width":1277,"height":718,"url":"https:\/\/www.psykovire.fi\/wp-content\/uploads\/2026\/01\/1991294.jpg","type":"image\/jpeg"}],"twitter_card":"summary_large_image","twitter_misc":{"Arvioitu lukuaika":"2 minuuttia"},"schema":{"@context":"https:\/\/schema.org","@graph":[{"@type":"WebPage","@id":"https:\/\/www.psykovire.fi\/","url":"https:\/\/www.psykovire.fi\/","name":"Etusivu - Psykovire","isPartOf":{"@id":"https:\/\/www.psykovire.fi\/#website"},"primaryImageOfPage":{"@id":"https:\/\/www.psykovire.fi\/#primaryimage"},"image":{"@id":"https:\/\/www.psykovire.fi\/#primaryimage"},"thumbnailUrl":"https:\/\/psykovire.fi\/wp-content\/uploads\/2026\/01\/1991294-1024x576.jpg","datePublished":"2026-01-20T07:05:39+00:00","dateModified":"2026-01-23T10:58:25+00:00","breadcrumb":{"@id":"https:\/\/www.psykovire.fi\/#breadcrumb"},"inLanguage":"fi","potentialAction":[{"@type":"ReadAction","target":["https:\/\/www.psykovire.fi\/"]}]},{"@type":"ImageObject","inLanguage":"fi","@id":"https:\/\/www.psykovire.fi\/#primaryimage","url":"https:\/\/psykovire.fi\/wp-content\/uploads\/2026\/01\/1991294-1024x576.jpg","contentUrl":"https:\/\/psykovire.fi\/wp-content\/uploads\/2026\/01\/1991294-1024x576.jpg"},{"@type":"BreadcrumbList","@id":"https:\/\/www.psykovire.fi\/#breadcrumb","itemListElement":[{"@type":"ListItem","position":1,"name":"Etusivu","item":"https:\/\/www.psykovire.fi\/"},{"@type":"ListItem","position":2,"name":"Etusivu"}]},{"@type":"WebSite","@id":"https:\/\/www.psykovire.fi\/#website","url":"https:\/\/www.psykovire.fi\/","name":"Psykovire","description":"","publisher":{"@id":"https:\/\/www.psykovire.fi\/#organization"},"potentialAction":[{"@type":"SearchAction","target":{"@type":"EntryPoint","urlTemplate":"https:\/\/www.psykovire.fi\/?s={search_term_string}"},"query-input":{"@type":"PropertyValueSpecification","valueRequired":true,"valueName":"search_term_string"}}],"inLanguage":"fi"},{"@type":"Organization","@id":"https:\/\/www.psykovire.fi\/#organization","name":"Psykovire","url":"https:\/\/www.psykovire.fi\/","logo":{"@type":"ImageObject","inLanguage":"fi","@id":"https:\/\/www.psykovire.fi\/#\/schema\/logo\/image\/","url":"https:\/\/www.psykovire.fi\/wp-content\/uploads\/2026\/01\/cropped-logo.png","contentUrl":"https:\/\/www.psykovire.fi\/wp-content\/uploads\/2026\/01\/cropped-logo.png","width":217,"height":97,"caption":"Psykovire"},"image":{"@id":"https:\/\/www.psykovire.fi\/#\/schema\/logo\/image\/"}}]}},"uagb_featured_image_src":{"full":false,"thumbnail":false,"medium":false,"medium_large":false,"large":false,"1536x1536":false,"2048x2048":false},"uagb_author_info":{"display_name":"admin","author_link":"https:\/\/www.psykovire.fi\/index.php\/author\/mediamies\/"},"uagb_comment_info":0,"uagb_excerpt":"PsykoVire tarjoaa psykologisia asiantuntijapalveluja vankalla k\u00e4yt\u00e4nn\u00f6n kokemuksella ja ammattitaidolla. Palvelut on suunnattu yksil\u00f6ille, pareille ja ty\u00f6yhteis\u00f6ille erilaisissa el\u00e4m\u00e4ntilanteissa ja muutoksen [&hellip;]","_links":{"self":[{"href":"https:\/\/www.psykovire.fi\/index.php\/wp-json\/wp\/v2\/pages\/10","targetHints":{"allow":["GET"]}}],"collection":[{"href":"https:\/\/www.psykovire.fi\/index.php\/wp-json\/wp\/v2\/pages"}],"about":[{"href":"https:\/\/www.psykovire.fi\/index.php\/wp-json\/wp\/v2\/types\/page"}],"author":[{"embeddable":true,"href":"https:\/\/www.psykovire.fi\/index.php\/wp-json\/wp\/v2\/users\/1"}],"replies":[{"embeddable":true,"href":"https:\/\/www.psykovire.fi\/index.php\/wp-json\/wp\/v2\/comments?post=10"}],"version-history":[{"count":16,"href":"https:\/\/www.psykovire.fi\/index.php\/wp-json\/wp\/v2\/pages\/10\/revisions"}],"predecessor-version":[{"id":86,"href":"https:\/\/www.psykovire.fi\/index.php\/wp-json\/wp\/v2\/pages\/10\/revisions\/86"}],"wp:attachment":[{"href":"https:\/\/www.psykovire.fi\/index.php\/wp-json\/wp\/v2\/media?parent=10"}],"curies":[{"name":"wp","href":"https:\/\/api.w.org\/{rel}","templated":true}]}}